{"id":16842,"date":"2024-07-24T12:01:20","date_gmt":"2024-07-24T16:01:20","guid":{"rendered":"https:\/\/d4m-int.com\/formulario-de-registro-para-el-evento\/"},"modified":"2024-11-30T08:08:06","modified_gmt":"2024-11-30T13:08:06","slug":"formulario-de-registro-para-el-evento","status":"publish","type":"page","link":"https:\/\/d4m-int.com\/es\/formulario-de-registro-para-el-evento\/","title":{"rendered":"Formulario de Registro para el Evento"},"content":{"rendered":"\t\t<div data-elementor-type=\"wp-page\" data-elementor-id=\"16842\" class=\"elementor elementor-16842 elementor-13336\" data-elementor-post-type=\"page\">\n\t\t\t\t\t\t<section class=\"elementor-section elementor-top-section elementor-element elementor-element-d7c7045 elementor-section-height-min-height elementor-section-content-middle elementor-section-boxed elementor-section-height-default elementor-section-items-middle\" data-id=\"d7c7045\" data-element_type=\"section\" data-e-type=\"section\" data-settings=\"{&quot;background_background&quot;:&quot;classic&quot;,&quot;jet_parallax_layout_list&quot;:[{&quot;_id&quot;:&quot;e28acd5&quot;,&quot;jet_parallax_layout_image&quot;:{&quot;url&quot;:&quot;&quot;,&quot;id&quot;:&quot;&quot;,&quot;size&quot;:&quot;&quot;},&quot;jet_parallax_layout_image_tablet&quot;:{&quot;url&quot;:&quot;&quot;,&quot;id&quot;:&quot;&quot;,&quot;size&quot;:&quot;&quot;},&quot;jet_parallax_layout_image_mobile&quot;:{&quot;url&quot;:&quot;&quot;,&quot;id&quot;:&quot;&quot;,&quot;size&quot;:&quot;&quot;},&quot;jet_parallax_layout_speed&quot;:{&quot;unit&quot;:&quot;%&quot;,&quot;size&quot;:50,&quot;sizes&quot;:[]},&quot;jet_parallax_layout_type&quot;:&quot;scroll&quot;,&quot;jet_parallax_layout_direction&quot;:&quot;1&quot;,&quot;jet_parallax_layout_fx_direction&quot;:null,&quot;jet_parallax_layout_z_index&quot;:&quot;&quot;,&quot;jet_parallax_layout_bg_x&quot;:50,&quot;jet_parallax_layout_bg_x_tablet&quot;:&quot;&quot;,&quot;jet_parallax_layout_bg_x_mobile&quot;:&quot;&quot;,&quot;jet_parallax_layout_bg_y&quot;:50,&quot;jet_parallax_layout_bg_y_tablet&quot;:&quot;&quot;,&quot;jet_parallax_layout_bg_y_mobile&quot;:&quot;&quot;,&quot;jet_parallax_layout_bg_size&quot;:&quot;auto&quot;,&quot;jet_parallax_layout_bg_size_tablet&quot;:&quot;&quot;,&quot;jet_parallax_layout_bg_size_mobile&quot;:&quot;&quot;,&quot;jet_parallax_layout_animation_prop&quot;:&quot;transform&quot;,&quot;jet_parallax_layout_on&quot;:[&quot;desktop&quot;,&quot;tablet&quot;]}]}\">\n\t\t\t\t\t\t\t<div class=\"elementor-background-overlay\"><\/div>\n\t\t\t\t\t\t\t<div class=\"elementor-container elementor-column-gap-default\">\n\t\t\t\t\t<div class=\"elementor-column elementor-col-33 elementor-top-column elementor-element elementor-element-6d828a8\" data-id=\"6d828a8\" data-element_type=\"column\" data-e-type=\"column\">\n\t\t\t<div class=\"elementor-widget-wrap\">\n\t\t\t\t\t\t\t<\/div>\n\t\t<\/div>\n\t\t\t\t<div class=\"elementor-column elementor-col-33 elementor-top-column elementor-element elementor-element-1998434\" data-id=\"1998434\" data-element_type=\"column\" data-e-type=\"column\">\n\t\t\t<div class=\"elementor-widget-wrap elementor-element-populated\">\n\t\t\t\t\t\t<div class=\"elementor-element elementor-element-804345e elementor-widget elementor-widget-heading\" data-id=\"804345e\" data-element_type=\"widget\" data-e-type=\"widget\" data-widget_type=\"heading.default\">\n\t\t\t\t<div class=\"elementor-widget-container\">\n\t\t\t\t\t<h1 class=\"elementor-heading-title elementor-size-default\">REG\u00cdSTRESE AHORA<\/h1>\t\t\t\t<\/div>\n\t\t\t\t<\/div>\n\t\t\t\t<div class=\"elementor-element elementor-element-b355077 elementor-widget elementor-widget-text-editor\" data-id=\"b355077\" data-element_type=\"widget\" data-e-type=\"widget\" data-widget_type=\"text-editor.default\">\n\t\t\t\t<div class=\"elementor-widget-container\">\n\t\t\t\t\t\t\t\t\t<p>\u00danase a nosotros para descubrir c\u00f3mo Dan Nickle, de Magna, super\u00f3 los desaf\u00edos de implementaci\u00f3n de S\/4HANA.<\/p>\n\t\t\t\t\t\t\t\t<\/div>\n\t\t\t\t<\/div>\n\t\t\t\t\t<\/div>\n\t\t<\/div>\n\t\t\t\t<div class=\"elementor-column elementor-col-33 elementor-top-column elementor-element elementor-element-e660dcf\" data-id=\"e660dcf\" data-element_type=\"column\" data-e-type=\"column\">\n\t\t\t<div class=\"elementor-widget-wrap\">\n\t\t\t\t\t\t\t<\/div>\n\t\t<\/div>\n\t\t\t\t\t<\/div>\n\t\t<\/section>\n\t\t\t\t<section class=\"elementor-section elementor-top-section elementor-element elementor-element-7b5420c elementor-section-boxed elementor-section-height-default elementor-section-height-default\" data-id=\"7b5420c\" data-element_type=\"section\" data-e-type=\"section\" data-settings=\"{&quot;jet_parallax_layout_list&quot;:[]}\">\n\t\t\t\t\t\t<div class=\"elementor-container elementor-column-gap-default\">\n\t\t\t\t\t<div class=\"elementor-column elementor-col-100 elementor-top-column elementor-element elementor-element-678f5ac\" data-id=\"678f5ac\" data-element_type=\"column\" data-e-type=\"column\">\n\t\t\t<div class=\"elementor-widget-wrap elementor-element-populated\">\n\t\t\t\t\t\t<div class=\"elementor-element elementor-element-1d71b10 elementor-widget elementor-widget-heading\" data-id=\"1d71b10\" data-element_type=\"widget\" data-e-type=\"widget\" data-widget_type=\"heading.default\">\n\t\t\t\t<div class=\"elementor-widget-container\">\n\t\t\t\t\t<h2 class=\"elementor-heading-title elementor-size-default\">Reg\u00edstrese ahora y obtenga informaci\u00f3n m\u00e1s detallada de parte de nuestro equipo<\/h2>\t\t\t\t<\/div>\n\t\t\t\t<\/div>\n\t\t\t\t\t<\/div>\n\t\t<\/div>\n\t\t\t\t\t<\/div>\n\t\t<\/section>\n\t\t\t\t<section class=\"elementor-section elementor-top-section elementor-element elementor-element-38a6752 elementor-section-boxed elementor-section-height-default elementor-section-height-default\" data-id=\"38a6752\" data-element_type=\"section\" data-e-type=\"section\" data-settings=\"{&quot;jet_parallax_layout_list&quot;:[]}\">\n\t\t\t\t\t\t<div class=\"elementor-container elementor-column-gap-default\">\n\t\t\t\t\t<div class=\"elementor-column elementor-col-100 elementor-top-column elementor-element elementor-element-8b72e30\" data-id=\"8b72e30\" data-element_type=\"column\" data-e-type=\"column\">\n\t\t\t<div class=\"elementor-widget-wrap elementor-element-populated\">\n\t\t\t\t\t\t<div class=\"elementor-element elementor-element-a531902 elementor-widget elementor-widget-wpforms\" data-id=\"a531902\" data-element_type=\"widget\" data-e-type=\"widget\" data-widget_type=\"wpforms.default\">\n\t\t\t\t<div class=\"elementor-widget-container\">\n\t\t\t\t\t<div class=\"wpforms-container wpforms-container-full wpforms-render-modern\" id=\"wpforms-13332\"><form id=\"wpforms-form-13332\" class=\"wpforms-validate wpforms-form wpforms-ajax-form\" data-formid=\"13332\" method=\"post\" enctype=\"multipart\/form-data\" action=\"\/es\/wp-json\/wp\/v2\/pages\/16842\" data-token=\"7056bc487dac3deaca91b0b3c899d2fc\" data-token-time=\"1775380417\"><noscript class=\"wpforms-error-noscript\">Por favor, activa JavaScript en tu navegador para completar este formulario.<\/noscript><div id=\"wpforms-error-noscript\" style=\"display: none;\">Por favor, activa JavaScript en tu navegador para completar este formulario.<\/div><div class=\"wpforms-field-container\"><div id=\"wpforms-13332-field_1-container\" class=\"wpforms-field wpforms-field-name\" data-field-id=\"1\"><fieldset><legend class=\"wpforms-field-label\">Name <span class=\"wpforms-required-label\" aria-hidden=\"true\">*<\/span><\/legend><div class=\"wpforms-field-row wpforms-field-medium\"><div class=\"wpforms-field-row-block wpforms-first wpforms-one-half\"><input type=\"text\" id=\"wpforms-13332-field_1\" class=\"wpforms-field-name-first wpforms-field-required\" name=\"wpforms[fields][1][first]\" aria-errormessage=\"wpforms-13332-field_1-error\" required><label for=\"wpforms-13332-field_1\" class=\"wpforms-field-sublabel after\">Nombre<\/label><\/div><div class=\"wpforms-field-row-block wpforms-one-half\"><input type=\"text\" id=\"wpforms-13332-field_1-last\" class=\"wpforms-field-name-last wpforms-field-required\" name=\"wpforms[fields][1][last]\" aria-errormessage=\"wpforms-13332-field_1-last-error\" required><label for=\"wpforms-13332-field_1-last\" class=\"wpforms-field-sublabel after\">Apellidos<\/label><\/div><\/div><\/fieldset><\/div><div id=\"wpforms-13332-field_2-container\" class=\"wpforms-field wpforms-field-email\" data-field-id=\"2\"><label class=\"wpforms-field-label\" for=\"wpforms-13332-field_2\">Email <span class=\"wpforms-required-label\" aria-hidden=\"true\">*<\/span><\/label><input type=\"email\" id=\"wpforms-13332-field_2\" class=\"wpforms-field-medium wpforms-field-required\" name=\"wpforms[fields][2]\" placeholder=\"you@email.com\" spellcheck=\"false\" aria-errormessage=\"wpforms-13332-field_2-error\" required><\/div><div id=\"wpforms-13332-field_3-container\" class=\"wpforms-field wpforms-field-number\" data-field-id=\"3\"><label class=\"wpforms-field-label\" for=\"wpforms-13332-field_3\">Phone Number <span class=\"wpforms-required-label\" aria-hidden=\"true\">*<\/span><\/label><input type=\"number\" id=\"wpforms-13332-field_3\" class=\"wpforms-field-medium wpforms-field-required\" name=\"wpforms[fields][3]\" placeholder=\"000-000-000\" step=\"any\" aria-errormessage=\"wpforms-13332-field_3-error\" required><\/div><div id=\"wpforms-13332-field_8-container\" class=\"wpforms-field wpforms-field-text\" data-field-id=\"8\"><label class=\"wpforms-field-label\" for=\"wpforms-13332-field_8\">Country<\/label><input type=\"text\" id=\"wpforms-13332-field_8\" class=\"wpforms-field-medium\" name=\"wpforms[fields][8]\" aria-errormessage=\"wpforms-13332-field_8-error\" ><\/div><div id=\"wpforms-13332-field_4-container\" class=\"wpforms-field wpforms-field-text\" data-field-id=\"4\"><label class=\"wpforms-field-label\" for=\"wpforms-13332-field_4\">Company <span class=\"wpforms-required-label\" aria-hidden=\"true\">*<\/span><\/label><input type=\"text\" id=\"wpforms-13332-field_4\" class=\"wpforms-field-medium wpforms-field-required\" name=\"wpforms[fields][4]\" aria-errormessage=\"wpforms-13332-field_4-error\" required><\/div><div id=\"wpforms-13332-field_6-container\" class=\"wpforms-field wpforms-field-textarea\" data-field-id=\"6\"><label class=\"wpforms-field-label\" for=\"wpforms-13332-field_6\">Referred By<\/label><textarea id=\"wpforms-13332-field_6\" class=\"wpforms-field-small\" name=\"wpforms[fields][6]\" aria-errormessage=\"wpforms-13332-field_6-error\" ><\/textarea><\/div><div id=\"wpforms-13332-field_5-container\" class=\"wpforms-field wpforms-field-checkbox\" data-field-id=\"5\"><fieldset><legend class=\"wpforms-field-label\">  <span class=\"wpforms-required-label\" aria-hidden=\"true\">*<\/span><\/legend><ul id=\"wpforms-13332-field_5\" class=\"wpforms-field-required\"><li class=\"choice-1 depth-1\"><input type=\"checkbox\" id=\"wpforms-13332-field_5_1\" name=\"wpforms[fields][5][]\" value=\"I accept to be contacted by D4M International\" aria-errormessage=\"wpforms-13332-field_5_1-error\" required ><label class=\"wpforms-field-label-inline\" for=\"wpforms-13332-field_5_1\">I accept to be contacted by D4M International<\/label><\/li><\/ul><\/fieldset><\/div><\/div><!-- .wpforms-field-container --><div class=\"wpforms-recaptcha-container wpforms-is-recaptcha wpforms-is-recaptcha-type-v2\" ><div class=\"g-recaptcha\" data-sitekey=\"6Lfzsh8rAAAAAAQnhKhSvIsLPkjAI95XMiOgmaFM\"><\/div><input type=\"text\" name=\"g-recaptcha-hidden\" class=\"wpforms-recaptcha-hidden\" style=\"position:absolute!important;clip:rect(0,0,0,0)!important;height:1px!important;width:1px!important;border:0!important;overflow:hidden!important;padding:0!important;margin:0!important;\" data-rule-recaptcha=\"1\"><\/div><div class=\"wpforms-submit-container\" ><input type=\"hidden\" name=\"wpforms[id]\" value=\"13332\"><input type=\"hidden\" name=\"page_title\" value=\"\"><input type=\"hidden\" name=\"page_url\" value=\"https:\/\/d4m-int.com\/es\/wp-json\/wp\/v2\/pages\/16842\"><input type=\"hidden\" name=\"url_referer\" value=\"\"><button type=\"submit\" name=\"wpforms[submit]\" id=\"wpforms-submit-13332\" class=\"wpforms-submit\" data-alt-text=\"Sending...\" data-submit-text=\"Send\" aria-live=\"assertive\" value=\"wpforms-submit\">Send<\/button><img decoding=\"async\" data-src=\"https:\/\/d4m-int.com\/wp-content\/plugins\/wpforms-lite\/assets\/images\/submit-spin.svg\" class=\"wpforms-submit-spinner lazyload\" style=\"--smush-placeholder-width: 26px; --smush-placeholder-aspect-ratio: 26\/26;display: none;\" width=\"26\" height=\"26\" alt=\"Cargando\" src=\"data:image\/svg+xml;base64,PHN2ZyB3aWR0aD0iMSIgaGVpZ2h0PSIxIiB4bWxucz0iaHR0cDovL3d3dy53My5vcmcvMjAwMC9zdmciPjwvc3ZnPg==\"><\/div><\/form><\/div>  <!-- .wpforms-container -->\t\t\t\t<\/div>\n\t\t\t\t<\/div>\n\t\t\t\t\t<\/div>\n\t\t<\/div>\n\t\t\t\t\t<\/div>\n\t\t<\/section>\n\t\t\t\t<section class=\"elementor-section elementor-top-section elementor-element elementor-element-4aee9e3 elementor-section-boxed elementor-section-height-default elementor-section-height-default\" data-id=\"4aee9e3\" data-element_type=\"section\" data-e-type=\"section\" data-settings=\"{&quot;jet_parallax_layout_list&quot;:[]}\">\n\t\t\t\t\t\t<div class=\"elementor-container elementor-column-gap-default\">\n\t\t\t\t\t<div class=\"elementor-column elementor-col-100 elementor-top-column elementor-element elementor-element-b1d3fbd\" data-id=\"b1d3fbd\" data-element_type=\"column\" data-e-type=\"column\">\n\t\t\t<div class=\"elementor-widget-wrap\">\n\t\t\t\t\t\t\t<\/div>\n\t\t<\/div>\n\t\t\t\t\t<\/div>\n\t\t<\/section>\n\t\t\t\t<section class=\"elementor-section elementor-top-section elementor-element elementor-element-7d1271b elementor-section-boxed elementor-section-height-default elementor-section-height-default\" data-id=\"7d1271b\" data-element_type=\"section\" data-e-type=\"section\" data-settings=\"{&quot;jet_parallax_layout_list&quot;:[]}\">\n\t\t\t\t\t\t<div class=\"elementor-container elementor-column-gap-default\">\n\t\t\t\t\t<div class=\"elementor-column elementor-col-100 elementor-top-column elementor-element elementor-element-6e14791\" data-id=\"6e14791\" data-element_type=\"column\" data-e-type=\"column\">\n\t\t\t<div class=\"elementor-widget-wrap elementor-element-populated\">\n\t\t\t\t\t\t<div class=\"elementor-element elementor-element-d8d60f3 elementor-widget elementor-widget-image\" data-id=\"d8d60f3\" data-element_type=\"widget\" data-e-type=\"widget\" data-widget_type=\"image.default\">\n\t\t\t\t<div class=\"elementor-widget-container\">\n\t\t\t\t\t\t\t\t\t\t\t\t\t\t\t<img decoding=\"async\" data-src=\"https:\/\/b3741689.smushcdn.com\/3741689\/wp-content\/uploads\/2024\/08\/Dan-NIckle-on-S4HANA-Event-Invitation.png?lossy=1&strip=1&webp=1\" title=\"\" alt=\"\" src=\"data:image\/svg+xml;base64,PHN2ZyB3aWR0aD0iMSIgaGVpZ2h0PSIxIiB4bWxucz0iaHR0cDovL3d3dy53My5vcmcvMjAwMC9zdmciPjwvc3ZnPg==\" class=\"lazyload\" \/>\t\t\t\t\t\t\t\t\t\t\t\t\t\t\t<\/div>\n\t\t\t\t<\/div>\n\t\t\t\t<div class=\"elementor-element elementor-element-4712dd1 elementor-widget elementor-widget-spacer\" data-id=\"4712dd1\" data-element_type=\"widget\" data-e-type=\"widget\" data-widget_type=\"spacer.default\">\n\t\t\t\t<div class=\"elementor-widget-container\">\n\t\t\t\t\t\t\t<div class=\"elementor-spacer\">\n\t\t\t<div class=\"elementor-spacer-inner\"><\/div>\n\t\t<\/div>\n\t\t\t\t\t\t<\/div>\n\t\t\t\t<\/div>\n\t\t\t\t\t<\/div>\n\t\t<\/div>\n\t\t\t\t\t<\/div>\n\t\t<\/section>\n\t\t\t\t<\/div>\n\t\t","protected":false},"excerpt":{"rendered":"<p>REG\u00cdSTRESE AHORA \u00danase a nosotros para descubrir c\u00f3mo Dan Nickle, de Magna, super\u00f3 los desaf\u00edos de implementaci\u00f3n de S\/4HANA. Reg\u00edstrese ahora y obtenga informaci\u00f3n m\u00e1s detallada de parte de nuestro equipo Please enable JavaScript in your browser to complete this form.Please enable JavaScript in your browser to complete this form. Name * FirstLast Email *Phone [&hellip;]<\/p>\n","protected":false},"author":46,"featured_media":5328,"parent":0,"menu_order":0,"comment_status":"closed","ping_status":"closed","template":"elementor_header_footer","meta":{"ocean_post_layout":"","ocean_both_sidebars_style":"","ocean_both_sidebars_content_width":0,"ocean_both_sidebars_sidebars_width":0,"ocean_sidebar":"0","ocean_second_sidebar":"0","ocean_disable_margins":"enable","ocean_add_body_class":"","ocean_shortcode_before_top_bar":"","ocean_shortcode_after_top_bar":"","ocean_shortcode_before_header":"","ocean_shortcode_after_header":"","ocean_has_shortcode":"","ocean_shortcode_after_title":"","ocean_shortcode_before_footer_widgets":"","ocean_shortcode_after_footer_widgets":"","ocean_shortcode_before_footer_bottom":"","ocean_shortcode_after_footer_bottom":"","ocean_display_top_bar":"default","ocean_display_header":"default","ocean_header_style":"","ocean_center_header_left_menu":"0","ocean_custom_header_template":"0","ocean_custom_logo":0,"ocean_custom_retina_logo":0,"ocean_custom_logo_max_width":0,"ocean_custom_logo_tablet_max_width":0,"ocean_custom_logo_mobile_max_width":0,"ocean_custom_logo_max_height":0,"ocean_custom_logo_tablet_max_height":0,"ocean_custom_logo_mobile_max_height":0,"ocean_header_custom_menu":"0","ocean_menu_typo_font_family":"0","ocean_menu_typo_font_subset":"","ocean_menu_typo_font_size":0,"ocean_menu_typo_font_size_tablet":0,"ocean_menu_typo_font_size_mobile":0,"ocean_menu_typo_font_size_unit":"px","ocean_menu_typo_font_weight":"","ocean_menu_typo_font_weight_tablet":"","ocean_menu_typo_font_weight_mobile":"","ocean_menu_typo_transform":"","ocean_menu_typo_transform_tablet":"","ocean_menu_typo_transform_mobile":"","ocean_menu_typo_line_height":0,"ocean_menu_typo_line_height_tablet":0,"ocean_menu_typo_line_height_mobile":0,"ocean_menu_typo_line_height_unit":"","ocean_menu_typo_spacing":0,"ocean_menu_typo_spacing_tablet":0,"ocean_menu_typo_spacing_mobile":0,"ocean_menu_typo_spacing_unit":"","ocean_menu_link_color":"","ocean_menu_link_color_hover":"","ocean_menu_link_color_active":"","ocean_menu_link_background":"","ocean_menu_link_hover_background":"","ocean_menu_link_active_background":"","ocean_menu_social_links_bg":"","ocean_menu_social_hover_links_bg":"","ocean_menu_social_links_color":"","ocean_menu_social_hover_links_color":"","ocean_disable_title":"default","ocean_disable_heading":"default","ocean_post_title":"","ocean_post_subheading":"","ocean_post_title_style":"","ocean_post_title_background_color":"","ocean_post_title_background":0,"ocean_post_title_bg_image_position":"","ocean_post_title_bg_image_attachment":"","ocean_post_title_bg_image_repeat":"","ocean_post_title_bg_image_size":"","ocean_post_title_height":0,"ocean_post_title_bg_overlay":0.5,"ocean_post_title_bg_overlay_color":"","ocean_disable_breadcrumbs":"default","ocean_breadcrumbs_color":"","ocean_breadcrumbs_separator_color":"","ocean_breadcrumbs_links_color":"","ocean_breadcrumbs_links_hover_color":"","ocean_display_footer_widgets":"default","ocean_display_footer_bottom":"default","ocean_custom_footer_template":"0","footnotes":""},"class_list":["post-16842","page","type-page","status-publish","has-post-thumbnail","hentry","entry","has-media"],"yoast_head":"<!-- This site is optimized with the Yoast SEO Premium plugin v26.5 (Yoast SEO v27.2) - https:\/\/yoast.com\/product\/yoast-seo-premium-wordpress\/ -->\n<title>Formulario de Registro para el Evento - D4M International<\/title>\n<meta name=\"description\" content=\"We serve the global manufacturing industry \u2013 from PLC to data processing and analytics.\" \/>\n<meta name=\"robots\" content=\"index, follow, max-snippet:-1, max-image-preview:large, max-video-preview:-1\" \/>\n<link rel=\"canonical\" href=\"https:\/\/d4m-int.com\/es\/formulario-de-registro-para-el-evento\/\" \/>\n<script type=\"application\/ld+json\" class=\"yoast-schema-graph\">{\"@context\":\"https:\/\/schema.org\",\"@graph\":[{\"@type\":\"WebPage\",\"@id\":\"https:\/\/d4m-int.com\/es\/formulario-de-registro-para-el-evento\/\",\"url\":\"https:\/\/d4m-int.com\/es\/formulario-de-registro-para-el-evento\/\",\"name\":\"Formulario de Registro para el Evento - D4M International\",\"isPartOf\":{\"@id\":\"https:\/\/d4m-int.com\/es\/#website\"},\"primaryImageOfPage\":{\"@id\":\"https:\/\/d4m-int.com\/es\/formulario-de-registro-para-el-evento\/#primaryimage\"},\"image\":{\"@id\":\"https:\/\/d4m-int.com\/es\/formulario-de-registro-para-el-evento\/#primaryimage\"},\"thumbnailUrl\":\"https:\/\/d4m-int.com\/wp-content\/uploads\/2022\/05\/shutterstock_2072769434-1-1.jpg\",\"datePublished\":\"2024-07-24T16:01:20+00:00\",\"dateModified\":\"2024-11-30T13:08:06+00:00\",\"description\":\"We serve the global manufacturing industry \u2013 from PLC to data processing and analytics.\",\"breadcrumb\":{\"@id\":\"https:\/\/d4m-int.com\/es\/formulario-de-registro-para-el-evento\/#breadcrumb\"},\"inLanguage\":\"es\",\"potentialAction\":[{\"@type\":\"ReadAction\",\"target\":[\"https:\/\/d4m-int.com\/es\/formulario-de-registro-para-el-evento\/\"]}]},{\"@type\":\"ImageObject\",\"inLanguage\":\"es\",\"@id\":\"https:\/\/d4m-int.com\/es\/formulario-de-registro-para-el-evento\/#primaryimage\",\"url\":\"https:\/\/d4m-int.com\/wp-content\/uploads\/2022\/05\/shutterstock_2072769434-1-1.jpg\",\"contentUrl\":\"https:\/\/d4m-int.com\/wp-content\/uploads\/2022\/05\/shutterstock_2072769434-1-1.jpg\",\"width\":1920,\"height\":1080,\"caption\":\"Expertise to help you assess, deploy, and maintain key solutions, driving productivity that impacts your bottom line\"},{\"@type\":\"BreadcrumbList\",\"@id\":\"https:\/\/d4m-int.com\/es\/formulario-de-registro-para-el-evento\/#breadcrumb\",\"itemListElement\":[{\"@type\":\"ListItem\",\"position\":1,\"name\":\"Home\",\"item\":\"https:\/\/d4m-int.com\/es\/\"},{\"@type\":\"ListItem\",\"position\":2,\"name\":\"Formulario de Registro para el Evento\"}]},{\"@type\":\"WebSite\",\"@id\":\"https:\/\/d4m-int.com\/es\/#website\",\"url\":\"https:\/\/d4m-int.com\/es\/\",\"name\":\"D4M International\",\"description\":\"Digital Solutions to Revolutionize Manufacturing Operations - We Empower Smart Manufacturing\",\"publisher\":{\"@id\":\"https:\/\/d4m-int.com\/es\/#organization\"},\"potentialAction\":[{\"@type\":\"SearchAction\",\"target\":{\"@type\":\"EntryPoint\",\"urlTemplate\":\"https:\/\/d4m-int.com\/es\/?s={search_term_string}\"},\"query-input\":{\"@type\":\"PropertyValueSpecification\",\"valueRequired\":true,\"valueName\":\"search_term_string\"}}],\"inLanguage\":\"es\"},{\"@type\":\"Organization\",\"@id\":\"https:\/\/d4m-int.com\/es\/#organization\",\"name\":\"D4M International\",\"url\":\"https:\/\/d4m-int.com\/es\/\",\"logo\":{\"@type\":\"ImageObject\",\"inLanguage\":\"es\",\"@id\":\"https:\/\/d4m-int.com\/es\/#\/schema\/logo\/image\/\",\"url\":\"https:\/\/d4m-int.com\/wp-content\/uploads\/2022\/05\/logo-3.png\",\"contentUrl\":\"https:\/\/d4m-int.com\/wp-content\/uploads\/2022\/05\/logo-3.png\",\"width\":643,\"height\":283,\"caption\":\"D4M International\"},\"image\":{\"@id\":\"https:\/\/d4m-int.com\/es\/#\/schema\/logo\/image\/\"},\"sameAs\":[\"https:\/\/www.linkedin.com\/company\/d4m-inter\/\"],\"publishingPrinciples\":\"https:\/\/d4m-int.com\/connect-with-us\/\",\"ownershipFundingInfo\":\"https:\/\/d4m-int.com\/connect-with-us\/\"}]}<\/script>\n<!-- \/ Yoast SEO Premium plugin. -->","yoast_head_json":{"title":"Formulario de Registro para el Evento - D4M International","description":"We serve the global manufacturing industry \u2013 from PLC to data processing and analytics.","robots":{"index":"index","follow":"follow","max-snippet":"max-snippet:-1","max-image-preview":"max-image-preview:large","max-video-preview":"max-video-preview:-1"},"canonical":"https:\/\/d4m-int.com\/es\/formulario-de-registro-para-el-evento\/","schema":{"@context":"https:\/\/schema.org","@graph":[{"@type":"WebPage","@id":"https:\/\/d4m-int.com\/es\/formulario-de-registro-para-el-evento\/","url":"https:\/\/d4m-int.com\/es\/formulario-de-registro-para-el-evento\/","name":"Formulario de Registro para el Evento - D4M International","isPartOf":{"@id":"https:\/\/d4m-int.com\/es\/#website"},"primaryImageOfPage":{"@id":"https:\/\/d4m-int.com\/es\/formulario-de-registro-para-el-evento\/#primaryimage"},"image":{"@id":"https:\/\/d4m-int.com\/es\/formulario-de-registro-para-el-evento\/#primaryimage"},"thumbnailUrl":"https:\/\/d4m-int.com\/wp-content\/uploads\/2022\/05\/shutterstock_2072769434-1-1.jpg","datePublished":"2024-07-24T16:01:20+00:00","dateModified":"2024-11-30T13:08:06+00:00","description":"We serve the global manufacturing industry \u2013 from PLC to data processing and analytics.","breadcrumb":{"@id":"https:\/\/d4m-int.com\/es\/formulario-de-registro-para-el-evento\/#breadcrumb"},"inLanguage":"es","potentialAction":[{"@type":"ReadAction","target":["https:\/\/d4m-int.com\/es\/formulario-de-registro-para-el-evento\/"]}]},{"@type":"ImageObject","inLanguage":"es","@id":"https:\/\/d4m-int.com\/es\/formulario-de-registro-para-el-evento\/#primaryimage","url":"https:\/\/d4m-int.com\/wp-content\/uploads\/2022\/05\/shutterstock_2072769434-1-1.jpg","contentUrl":"https:\/\/d4m-int.com\/wp-content\/uploads\/2022\/05\/shutterstock_2072769434-1-1.jpg","width":1920,"height":1080,"caption":"Expertise to help you assess, deploy, and maintain key solutions, driving productivity that impacts your bottom line"},{"@type":"BreadcrumbList","@id":"https:\/\/d4m-int.com\/es\/formulario-de-registro-para-el-evento\/#breadcrumb","itemListElement":[{"@type":"ListItem","position":1,"name":"Home","item":"https:\/\/d4m-int.com\/es\/"},{"@type":"ListItem","position":2,"name":"Formulario de Registro para el Evento"}]},{"@type":"WebSite","@id":"https:\/\/d4m-int.com\/es\/#website","url":"https:\/\/d4m-int.com\/es\/","name":"D4M International","description":"Digital Solutions to Revolutionize Manufacturing Operations - We Empower Smart Manufacturing","publisher":{"@id":"https:\/\/d4m-int.com\/es\/#organization"},"potentialAction":[{"@type":"SearchAction","target":{"@type":"EntryPoint","urlTemplate":"https:\/\/d4m-int.com\/es\/?s={search_term_string}"},"query-input":{"@type":"PropertyValueSpecification","valueRequired":true,"valueName":"search_term_string"}}],"inLanguage":"es"},{"@type":"Organization","@id":"https:\/\/d4m-int.com\/es\/#organization","name":"D4M International","url":"https:\/\/d4m-int.com\/es\/","logo":{"@type":"ImageObject","inLanguage":"es","@id":"https:\/\/d4m-int.com\/es\/#\/schema\/logo\/image\/","url":"https:\/\/d4m-int.com\/wp-content\/uploads\/2022\/05\/logo-3.png","contentUrl":"https:\/\/d4m-int.com\/wp-content\/uploads\/2022\/05\/logo-3.png","width":643,"height":283,"caption":"D4M International"},"image":{"@id":"https:\/\/d4m-int.com\/es\/#\/schema\/logo\/image\/"},"sameAs":["https:\/\/www.linkedin.com\/company\/d4m-inter\/"],"publishingPrinciples":"https:\/\/d4m-int.com\/connect-with-us\/","ownershipFundingInfo":"https:\/\/d4m-int.com\/connect-with-us\/"}]}},"_links":{"self":[{"href":"https:\/\/d4m-int.com\/es\/wp-json\/wp\/v2\/pages\/16842","targetHints":{"allow":["GET"]}}],"collection":[{"href":"https:\/\/d4m-int.com\/es\/wp-json\/wp\/v2\/pages"}],"about":[{"href":"https:\/\/d4m-int.com\/es\/wp-json\/wp\/v2\/types\/page"}],"author":[{"embeddable":true,"href":"https:\/\/d4m-int.com\/es\/wp-json\/wp\/v2\/users\/46"}],"replies":[{"embeddable":true,"href":"https:\/\/d4m-int.com\/es\/wp-json\/wp\/v2\/comments?post=16842"}],"version-history":[{"count":1,"href":"https:\/\/d4m-int.com\/es\/wp-json\/wp\/v2\/pages\/16842\/revisions"}],"predecessor-version":[{"id":16843,"href":"https:\/\/d4m-int.com\/es\/wp-json\/wp\/v2\/pages\/16842\/revisions\/16843"}],"wp:featuredmedia":[{"embeddable":true,"href":"https:\/\/d4m-int.com\/es\/wp-json\/wp\/v2\/media\/5328"}],"wp:attachment":[{"href":"https:\/\/d4m-int.com\/es\/wp-json\/wp\/v2\/media?parent=16842"}],"curies":[{"name":"wp","href":"https:\/\/api.w.org\/{rel}","templated":true}]}}